{"id":44,"date":"2019-04-29T12:33:09","date_gmt":"2019-04-29T12:33:09","guid":{"rendered":"http:\/\/maccbagpipe.de\/?page_id=44"},"modified":"2019-04-29T13:56:51","modified_gmt":"2019-04-29T13:56:51","slug":"christian-macc","status":"publish","type":"page","link":"https:\/\/maccbagpipe.de\/?page_id=44","title":{"rendered":"Christian MacC"},"content":{"rendered":"\t\t<div data-elementor-type=\"post\" data-elementor-id=\"44\" class=\"elementor elementor-44\" data-elementor-settings=\"[]\">\n\t\t\t<div class=\"elementor-inner\">\n\t\t\t\t<div class=\"elementor-section-wrap\">\n\t\t\t\t\t\t\t<section class=\"elementor-element elementor-element-52cfb1f elementor-section-boxed elementor-section-height-default elementor-section-height-default elementor-section elementor-top-section\" data-id=\"52cfb1f\" data-element_type=\"section\">\n\t\t\t\t\t\t<div class=\"elementor-container elementor-column-gap-default\">\n\t\t\t\t<div class=\"elementor-row\">\n\t\t\t\t<div class=\"elementor-element elementor-element-367b3c6 elementor-column elementor-col-100 elementor-top-column\" data-id=\"367b3c6\" data-element_type=\"column\">\n\t\t\t<div class=\"elementor-column-wrap  elementor-element-populated\">\n\t\t\t\t\t<div class=\"elementor-widget-wrap\">\n\t\t\t\t<section class=\"elementor-element elementor-element-e5e08b0 elementor-section-boxed elementor-section-height-default elementor-section-height-default elementor-section elementor-inner-section\" data-id=\"e5e08b0\" data-element_type=\"section\">\n\t\t\t\t\t\t<div class=\"elementor-container elementor-column-gap-default\">\n\t\t\t\t<div class=\"elementor-row\">\n\t\t\t\t<div class=\"elementor-element elementor-element-2d943d5 elementor-column elementor-col-50 elementor-inner-column\" data-id=\"2d943d5\" data-element_type=\"column\">\n\t\t\t<div class=\"elementor-column-wrap  elementor-element-populated\">\n\t\t\t\t\t<div class=\"elementor-widget-wrap\">\n\t\t\t\t<div class=\"elementor-element elementor-element-64bf795 elementor-widget elementor-widget-image\" data-id=\"64bf795\" data-element_type=\"widget\" data-widget_type=\"image.default\">\n\t\t\t\t<div class=\"elementor-widget-container\">\n\t\t\t\t\t<div class=\"elementor-image\">\n\t\t\t\t\t\t\t\t\t\t<img width=\"640\" height=\"960\" src=\"https:\/\/maccbagpipe.de\/wp-content\/uploads\/2019\/04\/IMG_0005-683x1024.jpg\" class=\"attachment-large size-large\" alt=\"\" loading=\"lazy\" srcset=\"https:\/\/maccbagpipe.de\/wp-content\/uploads\/2019\/04\/IMG_0005-683x1024.jpg 683w, https:\/\/maccbagpipe.de\/wp-content\/uploads\/2019\/04\/IMG_0005-200x300.jpg 200w, https:\/\/maccbagpipe.de\/wp-content\/uploads\/2019\/04\/IMG_0005-768x1151.jpg 768w, https:\/\/maccbagpipe.de\/wp-content\/uploads\/2019\/04\/IMG_0005.jpg 1228w\" sizes=\"(max-width: 640px) 100vw, 640px\" \/>\t\t\t\t\t\t\t\t\t\t\t<\/div>\n\t\t\t\t<\/div>\n\t\t\t\t<\/div>\n\t\t\t\t<div class=\"elementor-element elementor-element-357321d elementor-widget elementor-widget-image\" data-id=\"357321d\" data-element_type=\"widget\" data-widget_type=\"image.default\">\n\t\t\t\t<div class=\"elementor-widget-container\">\n\t\t\t\t\t<div class=\"elementor-image\">\n\t\t\t\t\t\t\t\t\t\t<img width=\"144\" height=\"197\" src=\"https:\/\/maccbagpipe.de\/wp-content\/uploads\/2019\/04\/Mackenzie-x.jpg\" class=\"attachment-large size-large\" alt=\"\" loading=\"lazy\" \/>\t\t\t\t\t\t\t\t\t\t\t<\/div>\n\t\t\t\t<\/div>\n\t\t\t\t<\/div>\n\t\t\t\t<div class=\"elementor-element elementor-element-7e433e1 elementor-widget elementor-widget-image\" data-id=\"7e433e1\" data-element_type=\"widget\" data-widget_type=\"image.default\">\n\t\t\t\t<div class=\"elementor-widget-container\">\n\t\t\t\t\t<div class=\"elementor-image\">\n\t\t\t\t\t\t\t\t\t\t\t<a href=\"https:\/\/www.maccandc.de\" data-elementor-open-lightbox=\"\" target=\"_blank\">\n\t\t\t\t\t\t\t<img width=\"119\" height=\"96\" src=\"https:\/\/maccbagpipe.de\/wp-content\/uploads\/2019\/04\/macCCk.gif\" class=\"attachment-full size-full\" alt=\"\" loading=\"lazy\" \/>\t\t\t\t\t\t\t\t<\/a>\n\t\t\t\t\t\t\t\t\t\t\t<\/div>\n\t\t\t\t<\/div>\n\t\t\t\t<\/div>\n\t\t\t\t\t\t<\/div>\n\t\t\t<\/div>\n\t\t<\/div>\n\t\t\t\t<div class=\"elementor-element elementor-element-e29d015 elementor-column elementor-col-50 elementor-inner-column\" data-id=\"e29d015\" data-element_type=\"column\">\n\t\t\t<div class=\"elementor-column-wrap  elementor-element-populated\">\n\t\t\t\t\t<div class=\"elementor-widget-wrap\">\n\t\t\t\t<div class=\"elementor-element elementor-element-88da9a1 elementor-widget elementor-widget-text-editor\" data-id=\"88da9a1\" data-element_type=\"widget\" data-widget_type=\"text-editor.default\">\n\t\t\t\t<div class=\"elementor-widget-container\">\n\t\t\t\t\t<div class=\"elementor-text-editor elementor-clearfix\"><h3>Sie ben\u00f6tigen einen professionellen Dudelsackspieler?<\/h3><p>Keine Angst &#8211; Sie brauchen keinen Schotten einfliegen lassen!<\/p><p>Christian MacC ist ein Dudelsackspieler und Schotte mit Leib und Seele und kommt aus Osterhofen in Niederbayern.<\/p><p>Christian MacC, alias Christian Bruckmeier. Multi-Instrumentalist der Scottish-Irish-Folk-Gruppe\u00a0<a href=\"https:\/\/www.maccandc.de\" target=\"_blank\" rel=\"noopener\">MacC&amp;C Celtic Four<\/a>! Ob Bagpipe, inwhistle, Bodhran, Blues-Harp oder Fiddle \u2013 man gebe ihm etwas in die Hand und er spielt darauf! Erster Dudelsack-Kontakt bei einer Privat-Lesson in Edinburgh. Spielte in Dublin vor den Augen von Molly Malone. In den Pubs von Ballybay und Gortahork musizierte er mit der lokalen Folkszene.<\/p><p>Zu jeder Zeit und an jedem Ort einsetzbar, Erfahrung f\u00fcr alle Einsatzbereiche des schottischen Dudelsacks. Zuverl\u00e4ssigkeit und Qualit\u00e4t sowie sicheres Auftreten im passendem Outfit ist selbstverst\u00e4ndlich.<\/p><div>\u00a0<\/div><h3>Clan Mackenzie<\/h3><p>MacC&amp;C &#8211; maccandc &#8211; [m\u00e4k-k\u00e4nd-si] &#8211; Mackenzie<\/p><p>Christian MacC ist Mitglied im Clan Mackenzie (Society of Scotland and the UK) und tr\u00e4gt den Tartan des Clans Mackenzie.<\/p><h3>Erleben sie einen Abend lang schottisch-irische Lebensfreude!<\/h3><p style=\"text-align: justify;\">The Wild Rover, Molly Malone oder Whiskey in the Jar, wer kennt sie nicht, die bekannten Lieder von der gr\u00fcnen Insel. Diese und viele andere\u00a0 traditionelle Songs bringen \u201eMacC&amp;C Celtic Four\u201c mit auf die B\u00fchne. Das vielf\u00e4ltige Repertoire der vier niederbayerischen Vollblutmusiker reicht von stimmungsvollen Balladen \u00fcber fetzige Pub-Songs bis hin zu grandiosen Instrumentalst\u00fccken.\u00a0\u00a0Dabei kommen die typischen\u00a0 Instrumente wie z.B. Dudelsack, Fiddle, Akkordeon,\u00a0 B\u00f3dhr\u00e1n oder Tinwhistle zum Einsatz. Da\u00df das Ganze mit viel bayrischem Humor pr\u00e4sentiert wird, macht\u00a0 MacC&amp;C Celtic Four so einmalig und sorgt f\u00fcr ein absolut kurzweiliges Konzertereignis.\u00a0<a href=\"https:\/\/www.maccandc.de\" target=\"_blank\" rel=\"noopener\"><u>WEITERE INFOS UND TERMINE UNTER www.MacCandC.de<\/u><\/a><\/p><\/div>\n\t\t\t\t<\/div>\n\t\t\t\t<\/div>\n\t\t\t\t\t\t<\/div>\n\t\t\t<\/div>\n\t\t<\/div>\n\t\t\t\t\t\t<\/div>\n\t\t\t<\/div>\n\t\t<\/section>\n\t\t\t\t\t\t<\/div>\n\t\t\t<\/div>\n\t\t<\/div>\n\t\t\t\t\t\t<\/div>\n\t\t\t<\/div>\n\t\t<\/section>\n\t\t\t\t\t\t<\/div>\n\t\t\t<\/div>\n\t\t<\/div>\n\t\t","protected":false},"excerpt":{"rendered":"<p>Sie ben\u00f6tigen einen professionellen Dudelsackspieler? Keine Angst &#8211; Sie brauchen keinen Schotten einfliegen lassen! Christian MacC ist ein Dudelsackspieler und Schotte mit Leib und Seele und kommt aus Osterhofen in Niederbayern. Christian MacC, alias Christian Bruckmeier. Multi-Instrumentalist der Scottish-Irish-Folk-Gruppe\u00a0MacC&amp;C Celtic Four! Ob Bagpipe, inwhistle, Bodhran, Blues-Harp oder Fiddle \u2013 man gebe ihm etwas in die Hand und er spielt darauf! Erster Dudelsack-Kontakt bei einer Privat-Lesson in Edinburgh. Spielte in Dublin vor den Augen von Molly Malone. In den Pubs von Ballybay und Gortahork musizierte er mit der lokalen Folkszene. Zu jeder Zeit und an jedem Ort einsetzbar, Erfahrung f\u00fcr alle Einsatzbereiche des schottischen Dudelsacks. Zuverl\u00e4ssigkeit und Qualit\u00e4t sowie sicheres Auftreten im passendem Outfit ist selbstverst\u00e4ndlich. \u00a0 Clan Mackenzie MacC&amp;C &#8211; maccandc &#8211; [m\u00e4k-k\u00e4nd-si] &#8211; Mackenzie Christian MacC ist Mitglied im Clan Mackenzie (Society of Scotland and the UK) und tr\u00e4gt den Tartan des Clans Mackenzie. Erleben sie einen Abend lang schottisch-irische Lebensfreude! The Wild Rover, Molly Malone oder Whiskey in the Jar, wer kennt sie nicht, die bekannten Lieder von der gr\u00fcnen Insel. Diese und viele andere\u00a0 traditionelle Songs bringen \u201eMacC&amp;C Celtic Four\u201c mit auf die B\u00fchne. Das vielf\u00e4ltige Repertoire der vier niederbayerischen Vollblutmusiker reicht von stimmungsvollen Balladen \u00fcber fetzige Pub-Songs bis hin zu grandiosen Instrumentalst\u00fccken.\u00a0\u00a0Dabei kommen die typischen\u00a0 Instrumente wie z.B. Dudelsack, Fiddle, Akkordeon,\u00a0 B\u00f3dhr\u00e1n oder Tinwhistle zum Einsatz. Da\u00df das Ganze mit viel bayrischem Humor pr\u00e4sentiert wird, macht\u00a0 MacC&amp;C Celtic Four so einmalig und sorgt f\u00fcr ein absolut kurzweiliges Konzertereignis.\u00a0WEITERE INFOS UND TERMINE UNTER www.MacCandC.de<\/p>\n","protected":false},"author":2,"featured_media":0,"parent":0,"menu_order":0,"comment_status":"closed","ping_status":"closed","template":"","meta":[],"_links":{"self":[{"href":"https:\/\/maccbagpipe.de\/index.php?rest_route=\/wp\/v2\/pages\/44"}],"collection":[{"href":"https:\/\/maccbagpipe.de\/index.php?rest_route=\/wp\/v2\/pages"}],"about":[{"href":"https:\/\/maccbagpipe.de\/index.php?rest_route=\/wp\/v2\/types\/page"}],"author":[{"embeddable":true,"href":"https:\/\/maccbagpipe.de\/index.php?rest_route=\/wp\/v2\/users\/2"}],"replies":[{"embeddable":true,"href":"https:\/\/maccbagpipe.de\/index.php?rest_route=%2Fwp%2Fv2%2Fcomments&post=44"}],"version-history":[{"count":10,"href":"https:\/\/maccbagpipe.de\/index.php?rest_route=\/wp\/v2\/pages\/44\/revisions"}],"predecessor-version":[{"id":68,"href":"https:\/\/maccbagpipe.de\/index.php?rest_route=\/wp\/v2\/pages\/44\/revisions\/68"}],"wp:attachment":[{"href":"https:\/\/maccbagpipe.de\/index.php?rest_route=%2Fwp%2Fv2%2Fmedia&parent=44"}],"curies":[{"name":"wp","href":"https:\/\/api.w.org\/{rel}","templated":true}]}}